{"id":985,"date":"2024-12-26T07:07:47","date_gmt":"2024-12-26T07:07:47","guid":{"rendered":"https:\/\/nvtechnology.vn\/?post_type=product&#038;p=985"},"modified":"2025-07-01T06:34:39","modified_gmt":"2025-07-01T06:34:39","slug":"carbon-dioxide-co2","status":"publish","type":"product","link":"https:\/\/nvtechnology.vn\/en\/carbon-dioxide-co2\/","title":{"rendered":"Carbon Dioxide: CO2"},"content":{"rendered":"<p><span class=\"OYPEnA font-feature-liga-off font-feature-clig-off font-feature-calt-off text-decoration-none text-strikethrough-none\"><img loading=\"lazy\" decoding=\"async\" class=\"wp-image-1016 alignleft\" src=\"https:\/\/nvtechnology.vn\/wp-content\/uploads\/2024\/12\/1-1.png\" alt=\"\" width=\"251\" height=\"251\" srcset=\"https:\/\/nvtechnology.vn\/wp-content\/uploads\/2024\/12\/1-1.png 938w, https:\/\/nvtechnology.vn\/wp-content\/uploads\/2024\/12\/1-1-300x300.png 300w, https:\/\/nvtechnology.vn\/wp-content\/uploads\/2024\/12\/1-1-150x150.png 150w, https:\/\/nvtechnology.vn\/wp-content\/uploads\/2024\/12\/1-1-768x768.png 768w, https:\/\/nvtechnology.vn\/wp-content\/uploads\/2024\/12\/1-1-600x600.png 600w, https:\/\/nvtechnology.vn\/wp-content\/uploads\/2024\/12\/1-1-100x100.png 100w\" sizes=\"auto, (max-width: 251px) 100vw, 251px\" \/><\/span><\/p>\n<p>&nbsp;<\/p>\n<p><strong><span class=\"OYPEnA font-feature-liga-off font-feature-clig-off font-feature-calt-off text-decoration-none text-strikethrough-none\">Carbon Dioxide:<\/span> <span class=\"OYPEnA font-feature-liga-off font-feature-clig-off font-feature-calt-off text-decoration-none text-strikethrough-none\">CO\u2082<\/span><\/strong><\/p>\n<ul>\n<li><span class=\"OYPEnA font-feature-liga-off font-feature-clig-off font-feature-calt-off text-decoration-none text-strikethrough-none\">\u0110\u1ed9 tinh khi\u1ebft &#8211; <\/span><span class=\"OYPEnA font-feature-liga-off font-feature-clig-off font-feature-calt-off text-decoration-none text-strikethrough-none\">Purity<\/span><span class=\"OYPEnA font-feature-liga-off font-feature-clig-off font-feature-calt-off text-decoration-none text-strikethrough-none\">: 99.5%<\/span><\/li>\n<li><span class=\"OYPEnA font-feature-liga-off font-feature-clig-off font-feature-calt-off text-decoration-none text-strikethrough-none\">\u0110\u1eb7ct\u00ednh s\u1ea3n ph\u1ea9m &#8211; <\/span><span class=\"OYPEnA font-feature-liga-off font-feature-clig-off font-feature-calt-off text-decoration-none text-strikethrough-none\">Specifications<\/span><span class=\"OYPEnA font-feature-liga-off font-feature-clig-off font-feature-calt-off text-decoration-none text-strikethrough-none\">: Kh\u00f4ng m\u00f9i, kh\u00f4ng v\u1ecb, kh\u00ed tr\u01a1<\/span> <span class=\"OYPEnA font-feature-liga-off font-feature-clig-off font-feature-calt-off text-decoration-none text-strikethrough-none\">tan trong n\u01b0\u1edbc &#8211; <\/span><span class=\"OYPEnA font-feature-liga-off font-feature-clig-off font-feature-calt-off text-decoration-none text-strikethrough-none\">Odorless, tasteless, inert gas &amp; soluble in water<\/span><\/li>\n<li><span class=\"OYPEnA font-feature-liga-off font-feature-clig-off font-feature-calt-off text-decoration-none text-strikethrough-none\">Qui c\u00e1ch cung c\u1ea5p &#8211; <\/span><span class=\"OYPEnA font-feature-liga-off font-feature-clig-off font-feature-calt-off text-decoration-none text-strikethrough-none\">Supply method<\/span><span class=\"OYPEnA font-feature-liga-off font-feature-clig-off font-feature-calt-off text-decoration-none text-strikethrough-none\">:<\/span> <span class=\"OYPEnA font-feature-liga-off font-feature-clig-off font-feature-calt-off text-decoration-none text-strikethrough-none\">d\u1ea1ng l\u1ecfng ho\u1eb7c kh\u00ed ch\u1ee9a trong b\u1ed3n, b\u00ecnh c\u00e1c lo\u1ea1i &#8211;<\/span><span class=\"OYPEnA font-feature-liga-off font-feature-clig-off font-feature-calt-off text-decoration-none text-strikethrough-none\"> Liquified or gas in cylinders, tanks..<\/span><span class=\"OYPEnA font-feature-liga-off font-feature-clig-off font-feature-calt-off text-decoration-none text-strikethrough-none\">.<\/span><\/li>\n<\/ul>\n","protected":false},"excerpt":{"rendered":"<p><strong>Carbon dioxide<\/strong> can be captured from a variety of sources. These include flue gases from fermentation processes, limestone kilns, natural CO2 springs, and gas streams from chemical and petrochemical operations. More recently, CO2 has also been captured from the flue gases of power plants.<\/p>\n<h3>Specifications:<\/h3>\n<table style=\"border-collapse: collapse; width: 61.8151%; height: 63px;\">\n<tbody>\n<tr style=\"height: 21px;\">\n<td style=\"width: 38.4987%; height: 21px;\">Purity or Quantity<\/td>\n<td style=\"width: 32.7158%; height: 21px;\">99.999%<\/td>\n<\/tr>\n<tr style=\"height: 21px;\">\n<td style=\"width: 38.4987%; height: 21px;\">Carrier<\/td>\n<td style=\"width: 32.7158%; height: 21px;\">tanker<\/td>\n<\/tr>\n<tr style=\"height: 21px;\">\n<td style=\"width: 38.4987%; height: 21px;\">Volume<\/td>\n<td style=\"width: 32.7158%; height: 21px;\">22.6m\u00b3<\/td>\n<\/tr>\n<\/tbody>\n<\/table>\n<p>&nbsp;<\/p>\n","protected":false},"featured_media":1017,"comment_status":"open","ping_status":"closed","template":"","meta":[],"product_cat":[41,37,35,43,39],"product_tag":[],"class_list":["post-985","product","type-product","status-publish","has-post-thumbnail","hentry","product_cat-chemical-industry","product_cat-equipment","product_cat-industrial-gas","product_cat-industrial-gas-2","product_cat-semiconductor-industry"],"_links":{"self":[{"href":"https:\/\/nvtechnology.vn\/en\/wp-json\/wp\/v2\/product\/985","targetHints":{"allow":["GET"]}}],"collection":[{"href":"https:\/\/nvtechnology.vn\/en\/wp-json\/wp\/v2\/product"}],"about":[{"href":"https:\/\/nvtechnology.vn\/en\/wp-json\/wp\/v2\/types\/product"}],"replies":[{"embeddable":true,"href":"https:\/\/nvtechnology.vn\/en\/wp-json\/wp\/v2\/comments?post=985"}],"wp:featuredmedia":[{"embeddable":true,"href":"https:\/\/nvtechnology.vn\/en\/wp-json\/wp\/v2\/media\/1017"}],"wp:attachment":[{"href":"https:\/\/nvtechnology.vn\/en\/wp-json\/wp\/v2\/media?parent=985"}],"wp:term":[{"taxonomy":"product_cat","embeddable":true,"href":"https:\/\/nvtechnology.vn\/en\/wp-json\/wp\/v2\/product_cat?post=985"},{"taxonomy":"product_tag","embeddable":true,"href":"https:\/\/nvtechnology.vn\/en\/wp-json\/wp\/v2\/product_tag?post=985"}],"curies":[{"name":"wp","href":"https:\/\/api.w.org\/{rel}","templated":true}]}}