{"id":806,"date":"2023-11-05T15:20:26","date_gmt":"2023-11-05T15:20:26","guid":{"rendered":"https:\/\/nvtechnology.vn\/phosphoane-mixed-gas\/"},"modified":"2025-07-01T08:38:23","modified_gmt":"2025-07-01T08:38:23","slug":"industrial-gas","status":"publish","type":"product","link":"https:\/\/nvtechnology.vn\/en\/industrial-gas\/","title":{"rendered":"Industrial Gas"},"content":{"rendered":"<p class=\"p1\">Specializing in supplying industrial gases such as O2 -LOX, N2 &#8211; LIN, Ar &#8211; LAr , CO2, Helium &amp; mix gas &#8230;.<\/p>\n<p><strong>1. Nitrogen:\u00a0<\/strong><\/p>\n<div class=\"post-description\">\n<table style=\"border-collapse: collapse; width: 39.0712%; height: 126px;\">\n<tbody>\n<tr style=\"height: 21px;\">\n<td style=\"width: 37.5375%; height: 21px;\">Fomular<\/td>\n<td style=\"width: 32.6165%; height: 21px;\">N2<\/td>\n<\/tr>\n<tr style=\"height: 21px;\">\n<td style=\"width: 37.5375%; height: 21px;\">\u0110i\u1ec3m n\u00f3ng ch\u1ea3y<\/td>\n<td style=\"width: 32.6165%; height: 21px;\">-210 \u00b0C<\/td>\n<\/tr>\n<tr style=\"height: 21px;\">\n<td style=\"width: 37.5375%; height: 21px;\">S\u1ed1 nguy\u00ean t\u1eed<\/td>\n<td style=\"width: 32.6165%; height: 21px;\">7<\/td>\n<\/tr>\n<tr style=\"height: 21px;\">\n<td style=\"width: 37.5375%; height: 21px;\">Purity<\/td>\n<td style=\"width: 32.6165%; height: 21px;\">\u2265 99.998 &#8211; 99.999<\/td>\n<\/tr>\n<tr style=\"height: 21px;\">\n<td style=\"width: 37.5375%; height: 21px;\">Dew point<\/td>\n<td style=\"width: 32.6165%; height: 21px;\">\u2264 -70\u00b0C<\/td>\n<\/tr>\n<tr style=\"height: 21px;\">\n<td style=\"width: 37.5375%; height: 21px;\"><\/td>\n<td style=\"width: 32.6165%; height: 21px;\"><\/td>\n<\/tr>\n<\/tbody>\n<\/table>\n<p><strong>2. Argon:\u00a0<\/strong><\/p>\n<table style=\"border-collapse: collapse; width: 38.58%; height: 126px;\">\n<tbody>\n<tr style=\"height: 21px;\">\n<td style=\"width: 40.5336%; height: 21px;\">C\u00f4ng Th\u1ee9c<\/td>\n<td style=\"width: 35.5875%; height: 21px;\">Ar<\/td>\n<\/tr>\n<tr style=\"height: 21px;\">\n<td style=\"width: 40.5336%; height: 21px;\">\u0110i\u1ec3m n\u00f3ng ch\u1ea3y<\/td>\n<td style=\"width: 35.5875%; height: 21px;\">-189,4 \u00b0C<\/td>\n<\/tr>\n<tr style=\"height: 21px;\">\n<td style=\"width: 40.5336%; height: 21px;\">C\u1ea5u h\u00ecnh<\/td>\n<td style=\"width: 35.5875%; height: 21px;\">Ne 3s2 3p6<\/td>\n<\/tr>\n<tr style=\"height: 21px;\">\n<td style=\"width: 40.5336%; height: 21px;\">Purity<\/td>\n<td style=\"width: 35.5875%; height: 21px;\">\u2265 99.998-99.999<\/td>\n<\/tr>\n<tr style=\"height: 21px;\">\n<td style=\"width: 40.5336%; height: 21px;\">Dew Point<\/td>\n<td style=\"width: 35.5875%; height: 21px;\">\u2264 -70\u00b0C<\/td>\n<\/tr>\n<tr style=\"height: 21px;\">\n<td style=\"width: 40.5336%; height: 21px;\"><\/td>\n<td style=\"width: 35.5875%; height: 21px;\"><\/td>\n<\/tr>\n<\/tbody>\n<\/table>\n<p><strong>3. Carbon Dioxide:<\/strong><\/p>\n<table style=\"border-collapse: collapse; width: 39.0712%; height: 126px;\">\n<tbody>\n<tr style=\"height: 21px;\">\n<td style=\"width: 37.5375%; height: 21px;\">C\u00f4ng Th\u1ee9c<\/td>\n<td style=\"width: 32.6165%; height: 21px;\">CO2<\/td>\n<\/tr>\n<tr style=\"height: 21px;\">\n<td style=\"width: 37.5375%; height: 21px;\">\u0110i\u1ec3m n\u00f3ng ch\u1ea3y<\/td>\n<td style=\"width: 32.6165%; height: 21px;\"><\/td>\n<\/tr>\n<tr style=\"height: 21px;\">\n<td style=\"width: 37.5375%; height: 21px;\">C\u1ea5u h\u00ecnh<\/td>\n<td style=\"width: 32.6165%; height: 21px;\"><\/td>\n<\/tr>\n<tr style=\"height: 21px;\">\n<td style=\"width: 37.5375%; height: 21px;\">S\u1ed1 nguy\u00ean t\u1eed<\/td>\n<td style=\"width: 32.6165%; height: 21px;\"><\/td>\n<\/tr>\n<tr style=\"height: 21px;\">\n<td style=\"width: 37.5375%; height: 21px;\">Purity<\/td>\n<td style=\"width: 32.6165%; height: 21px;\">\u00a099.5<\/td>\n<\/tr>\n<tr style=\"height: 21px;\">\n<td style=\"width: 37.5375%; height: 21px;\">Dewpoint<\/td>\n<td style=\"width: 32.6165%; height: 21px;\"><\/td>\n<\/tr>\n<\/tbody>\n<\/table>\n<p>&nbsp;<\/p>\n<p><strong>4. Helium\u00a0<\/strong><\/p>\n<table style=\"border-collapse: collapse; width: 39.0712%; height: 126px;\">\n<tbody>\n<tr style=\"height: 21px;\">\n<td style=\"width: 37.5375%; height: 21px;\">C\u00f4ng Th\u1ee9c<\/td>\n<td style=\"width: 32.6165%; height: 21px;\">He<\/td>\n<\/tr>\n<tr style=\"height: 21px;\">\n<td style=\"width: 37.5375%; height: 21px;\">\u0110i\u1ec3m n\u00f3ng ch\u1ea3y<\/td>\n<td style=\"width: 32.6165%; height: 21px;\"><\/td>\n<\/tr>\n<tr style=\"height: 21px;\">\n<td style=\"width: 37.5375%; height: 21px;\">C\u1ea5u h\u00ecnh<\/td>\n<td style=\"width: 32.6165%; height: 21px;\"><\/td>\n<\/tr>\n<tr style=\"height: 21px;\">\n<td style=\"width: 37.5375%; height: 21px;\">S\u1ed1 nguy\u00ean t\u1eed<\/td>\n<td style=\"width: 32.6165%; height: 21px;\"><\/td>\n<\/tr>\n<tr style=\"height: 21px;\">\n<td style=\"width: 37.5375%; height: 21px;\">Kh\u1ed1i l\u01b0\u1ee3ng nguy\u00ean t\u1eed<\/td>\n<td style=\"width: 32.6165%; height: 21px;\"><\/td>\n<\/tr>\n<tr style=\"height: 21px;\">\n<td style=\"width: 37.5375%; height: 21px;\"><\/td>\n<td style=\"width: 32.6165%; height: 21px;\"><\/td>\n<\/tr>\n<\/tbody>\n<\/table>\n<p><strong>5. Mixed Gas &#8211; Kh\u00ed tr\u1ed9n:\u00a0<\/strong><\/p>\n<\/div>\n<p><img loading=\"lazy\" decoding=\"async\" class=\"alignnone wp-image-954\" src=\"https:\/\/nvtechnology.vn\/wp-content\/uploads\/2023\/11\/PastedGraphic-1.png\" alt=\"\" width=\"838\" height=\"562\" srcset=\"https:\/\/nvtechnology.vn\/wp-content\/uploads\/2023\/11\/PastedGraphic-1.png 1746w, https:\/\/nvtechnology.vn\/wp-content\/uploads\/2023\/11\/PastedGraphic-1-300x201.png 300w, https:\/\/nvtechnology.vn\/wp-content\/uploads\/2023\/11\/PastedGraphic-1-1024x687.png 1024w, https:\/\/nvtechnology.vn\/wp-content\/uploads\/2023\/11\/PastedGraphic-1-768x516.png 768w, https:\/\/nvtechnology.vn\/wp-content\/uploads\/2023\/11\/PastedGraphic-1-1536x1031.png 1536w, https:\/\/nvtechnology.vn\/wp-content\/uploads\/2023\/11\/PastedGraphic-1-600x403.png 600w\" sizes=\"auto, (max-width: 838px) 100vw, 838px\" \/><\/p>\n<div class=\"post-description\">\n<p><strong>D\u1ea1ng l\u1ecfng:<\/strong> Cung c\u1ea5p b\u1eb1ng xe b\u1ed3n chuy\u00ean ch\u1edf kh\u00ed h\u00f3a l\u1ecfng ho\u1eb7c kh\u00e1ch h\u00e0ng c\u00f3 th\u1ec3 \u0111\u1ebfn nh\u00e0 m\u00e1y l\u1ea5y tr\u1ef1c ti\u1ebfp<\/p>\n<\/div>\n<p><img loading=\"lazy\" decoding=\"async\" class=\"alignnone wp-image-911\" src=\"https:\/\/nvtechnology.vn\/wp-content\/uploads\/2023\/11\/16.jpg\" alt=\"\" width=\"834\" height=\"834\" srcset=\"https:\/\/nvtechnology.vn\/wp-content\/uploads\/2023\/11\/16.jpg 1080w, https:\/\/nvtechnology.vn\/wp-content\/uploads\/2023\/11\/16-300x300.jpg 300w, https:\/\/nvtechnology.vn\/wp-content\/uploads\/2023\/11\/16-1024x1024.jpg 1024w, https:\/\/nvtechnology.vn\/wp-content\/uploads\/2023\/11\/16-150x150.jpg 150w, https:\/\/nvtechnology.vn\/wp-content\/uploads\/2023\/11\/16-768x768.jpg 768w, https:\/\/nvtechnology.vn\/wp-content\/uploads\/2023\/11\/16-600x600.jpg 600w, https:\/\/nvtechnology.vn\/wp-content\/uploads\/2023\/11\/16-100x100.jpg 100w\" sizes=\"auto, (max-width: 834px) 100vw, 834px\" \/><\/p>\n<ul>\n<li><strong>D\u1ea1ng chai:\u00a0 <\/strong>Chai 40L, 47L, 50L,&#8230; Ph\u1ed5 bi\u1ebfn nh\u1ea5t l\u00e0 chai 47L, 150Bar<\/li>\n<\/ul>\n<p><img loading=\"lazy\" decoding=\"async\" class=\"alignnone wp-image-950\" src=\"https:\/\/nvtechnology.vn\/wp-content\/uploads\/2023\/11\/1.jpg\" alt=\"\" width=\"823\" height=\"690\" srcset=\"https:\/\/nvtechnology.vn\/wp-content\/uploads\/2023\/11\/1.jpg 1293w, https:\/\/nvtechnology.vn\/wp-content\/uploads\/2023\/11\/1-300x252.jpg 300w, https:\/\/nvtechnology.vn\/wp-content\/uploads\/2023\/11\/1-1024x858.jpg 1024w, https:\/\/nvtechnology.vn\/wp-content\/uploads\/2023\/11\/1-768x644.jpg 768w, https:\/\/nvtechnology.vn\/wp-content\/uploads\/2023\/11\/1-600x503.jpg 600w\" sizes=\"auto, (max-width: 823px) 100vw, 823px\" \/><\/p>\n<ul>\n<li><strong>D\u1ea1ng b\u00ecnh PLC<\/strong><\/li>\n<\/ul>\n<p>Ch\u00fang t\u00f4i n\u1ea1p oxy h\u00f3a l\u1ecfng, nit\u01a1 h\u00f3a l\u1ecfng, argon h\u00f3a l\u1ecfng v\u00e0 carbon dioxide h\u00f3a l\u1ecfng.<\/p>\n<p><img loading=\"lazy\" decoding=\"async\" class=\"alignnone wp-image-933\" src=\"https:\/\/nvtechnology.vn\/wp-content\/uploads\/2023\/11\/23.jpg\" alt=\"\" width=\"826\" height=\"826\" srcset=\"https:\/\/nvtechnology.vn\/wp-content\/uploads\/2023\/11\/23.jpg 1080w, https:\/\/nvtechnology.vn\/wp-content\/uploads\/2023\/11\/23-300x300.jpg 300w, https:\/\/nvtechnology.vn\/wp-content\/uploads\/2023\/11\/23-1024x1024.jpg 1024w, https:\/\/nvtechnology.vn\/wp-content\/uploads\/2023\/11\/23-150x150.jpg 150w, https:\/\/nvtechnology.vn\/wp-content\/uploads\/2023\/11\/23-768x768.jpg 768w, https:\/\/nvtechnology.vn\/wp-content\/uploads\/2023\/11\/23-600x600.jpg 600w, https:\/\/nvtechnology.vn\/wp-content\/uploads\/2023\/11\/23-100x100.jpg 100w\" sizes=\"auto, (max-width: 826px) 100vw, 826px\" \/><\/p>\n<p>&nbsp;<\/p>\n","protected":false},"excerpt":{"rendered":"<p>Ch\u00fang t\u00f4i cung c\u1ea5p c\u00e1c lo\u1ea1i kh\u00ed c\u00f4ng nghi\u1ec7p d\u1ea1ng l\u1ecfng, d\u1ea1ng chai, b\u1ed3n b\u00ecnh PLC c\u1ee7a c\u00e1c lo\u1ea1i Carbon dioxide, Nito, Argon, Helium, &#8230; c\u00e1c lo\u1ea1i.<\/p>\n<ul>\n<li><strong>D\u1ea1ng l\u1ecfng:<\/strong> Cung c\u1ea5p b\u1eb1ng xe b\u1ed3n chuy\u00ean ch\u1edf kh\u00ed h\u00f3a l\u1ecfng ho\u1eb7c kh\u00e1ch h\u00e0ng c\u00f3 th\u1ec3 \u0111\u1ebfn nh\u00e0 m\u00e1y l\u1ea5y tr\u1ef1c ti\u1ebfp<\/li>\n<li><strong>D\u1ea1ng chai:\u00a0 <\/strong>Chai 40L, 47L, 50L,&#8230; Ph\u1ed5 bi\u1ebfn nh\u1ea5t l\u00e0 chai 47L, 150Bar<\/li>\n<li>D\u1ea1ng b\u00ecnh PLC l\u1ecfng dung t\u00edch<\/li>\n<\/ul>\n<p>&nbsp;<\/p>\n<p>&nbsp;<\/p>\n","protected":false},"featured_media":842,"comment_status":"open","ping_status":"closed","template":"","meta":[],"product_cat":[40],"product_tag":[],"class_list":["post-806","product","type-product","status-publish","has-post-thumbnail","hentry","product_cat-medical-industry"],"_links":{"self":[{"href":"https:\/\/nvtechnology.vn\/en\/wp-json\/wp\/v2\/product\/806","targetHints":{"allow":["GET"]}}],"collection":[{"href":"https:\/\/nvtechnology.vn\/en\/wp-json\/wp\/v2\/product"}],"about":[{"href":"https:\/\/nvtechnology.vn\/en\/wp-json\/wp\/v2\/types\/product"}],"replies":[{"embeddable":true,"href":"https:\/\/nvtechnology.vn\/en\/wp-json\/wp\/v2\/comments?post=806"}],"wp:featuredmedia":[{"embeddable":true,"href":"https:\/\/nvtechnology.vn\/en\/wp-json\/wp\/v2\/media\/842"}],"wp:attachment":[{"href":"https:\/\/nvtechnology.vn\/en\/wp-json\/wp\/v2\/media?parent=806"}],"wp:term":[{"taxonomy":"product_cat","embeddable":true,"href":"https:\/\/nvtechnology.vn\/en\/wp-json\/wp\/v2\/product_cat?post=806"},{"taxonomy":"product_tag","embeddable":true,"href":"https:\/\/nvtechnology.vn\/en\/wp-json\/wp\/v2\/product_tag?post=806"}],"curies":[{"name":"wp","href":"https:\/\/api.w.org\/{rel}","templated":true}]}}