{"id":1065,"date":"2025-07-01T07:39:40","date_gmt":"2025-07-01T07:39:40","guid":{"rendered":"https:\/\/nvtechnology.vn\/?post_type=product&#038;p=1065"},"modified":"2025-07-01T07:49:08","modified_gmt":"2025-07-01T07:49:08","slug":"helium-gas","status":"publish","type":"product","link":"https:\/\/nvtechnology.vn\/en\/helium-gas\/","title":{"rendered":"Helium &#8211; He"},"content":{"rendered":"<pre class=\"tw-data-text tw-text-large tw-ta\" dir=\"ltr\" data-placeholder=\"Translation\" data-ved=\"2ahUKEwjdkZ_lkJuOAxWVxjgGHSATJuUQ3ewLegQICRAV\" aria-label=\"Translated text: Heli l\u00e0 m\u1ed9t lo\u1ea1i kh\u00ed tr\u01a1 kh\u00f4ng m\u00e0u, kh\u00f4ng m\u00f9i v\u00e0 kh\u00f4ng v\u1ecb. \u0110\u00e2y l\u00e0 nguy\u00ean t\u1ed1 nh\u1eb9 th\u1ee9 hai v\u00e0 c\u00f3 \u0111i\u1ec3m s\u00f4i r\u1ea5t th\u1ea5p, khi\u1ebfn n\u00f3 h\u1eefu \u00edch trong c\u00e1c \u1ee9ng d\u1ee5ng \u0111\u00f4ng l\u1ea1nh. N\u00f3 c\u0169ng kh\u00f4ng b\u1eaft l\u1eeda v\u00e0 kh\u00f4ng \u0111\u1ed9c h\u1ea1i\"><span style=\"font-family: helvetica, arial, sans-serif; font-size: 120%;\">Helium is a colorless, odorless, and tasteless inert gas. It is the second lightest element and has a very low boiling point, making it useful in cryogenic applications. It is also non-flammable and non-toxic\u00a0<img loading=\"lazy\" decoding=\"async\" class=\"alignnone wp-image-937\" src=\"https:\/\/nvtechnology.vn\/wp-content\/uploads\/2023\/11\/25.jpg\" alt=\"\" width=\"300\" height=\"300\" srcset=\"https:\/\/nvtechnology.vn\/wp-content\/uploads\/2023\/11\/25.jpg 1080w, https:\/\/nvtechnology.vn\/wp-content\/uploads\/2023\/11\/25-300x300.jpg 300w, https:\/\/nvtechnology.vn\/wp-content\/uploads\/2023\/11\/25-1024x1024.jpg 1024w, https:\/\/nvtechnology.vn\/wp-content\/uploads\/2023\/11\/25-150x150.jpg 150w, https:\/\/nvtechnology.vn\/wp-content\/uploads\/2023\/11\/25-768x768.jpg 768w, https:\/\/nvtechnology.vn\/wp-content\/uploads\/2023\/11\/25-600x600.jpg 600w, https:\/\/nvtechnology.vn\/wp-content\/uploads\/2023\/11\/25-100x100.jpg 100w\" sizes=\"auto, (max-width: 300px) 100vw, 300px\" \/><img loading=\"lazy\" decoding=\"async\" class=\"alignnone wp-image-857\" src=\"https:\/\/nvtechnology.vn\/wp-content\/uploads\/2023\/11\/20220401093500b7122df506f1410da226d7ece0c51468.webp\" alt=\"\" width=\"289\" height=\"289\" srcset=\"https:\/\/nvtechnology.vn\/wp-content\/uploads\/2023\/11\/20220401093500b7122df506f1410da226d7ece0c51468.webp 700w, https:\/\/nvtechnology.vn\/wp-content\/uploads\/2023\/11\/20220401093500b7122df506f1410da226d7ece0c51468-300x300.webp 300w, https:\/\/nvtechnology.vn\/wp-content\/uploads\/2023\/11\/20220401093500b7122df506f1410da226d7ece0c51468-150x150.webp 150w, https:\/\/nvtechnology.vn\/wp-content\/uploads\/2023\/11\/20220401093500b7122df506f1410da226d7ece0c51468-600x600.webp 600w, https:\/\/nvtechnology.vn\/wp-content\/uploads\/2023\/11\/20220401093500b7122df506f1410da226d7ece0c51468-100x100.webp 100w\" sizes=\"auto, (max-width: 289px) 100vw, 289px\" \/><\/span><\/pre>\n","protected":false},"excerpt":{"rendered":"<p>&nbsp;<\/p>\n<ul>\n<li><span style=\"font-family: helvetica, arial, sans-serif; font-size: 115%;\">Chemical Formula :<strong>\u00a0He<\/strong><\/span><\/li>\n<li class=\"p1\"><span style=\"font-size: 115%; font-family: helvetica, arial, sans-serif;\">Purity: 99.996(4.6)%, 99.9992(5.2)%, 99.9995(5.5)%, 99.9999(6.0)%.<\/span><\/li>\n<li class=\"p1\"><span style=\"font-size: 115%; font-family: helvetica, arial, sans-serif;\">Specifications: Helium is an inert gas,colorless, odorless, tasteless.<\/span><\/li>\n<li class=\"p1\"><span style=\"font-size: 115%; font-family: helvetica, arial, sans-serif;\">Supply method: Liquified or gas in cylinders such as 10L (150bar), 40L(150bar), 47L (150bar), 50L (200bar<\/span><\/li>\n<\/ul>\n<p>&nbsp;<\/p>\n<table style=\"border-collapse: collapse; width: 100%; height: 63px;\">\n<tbody>\n<tr style=\"height: 21px;\">\n<td style=\"width: 50%; height: 21px;\"><span style=\"font-family: helvetica, arial, sans-serif; font-size: 120%;\">Purity or Quantity<\/span><\/td>\n<td style=\"width: 50%; height: 21px;\"><span style=\"font-size: 115%; font-family: helvetica, arial, sans-serif;\">99.996(4.6)%, 99.9992(5.2)%, 99.9995(5.5)%, 99.9999(6.0)%.<\/span><\/td>\n<\/tr>\n<tr style=\"height: 21px;\">\n<td style=\"width: 50%; height: 21px;\"><span style=\"font-family: helvetica, arial, sans-serif; font-size: 120%;\">Carrier<\/span><\/td>\n<td style=\"width: 50%; height: 21px;\"><span style=\"font-family: helvetica, arial, sans-serif; font-size: 120%;\">cylinders, tanks<\/span><\/td>\n<\/tr>\n<tr style=\"height: 21px;\">\n<td style=\"width: 50%; height: 21px;\"><span style=\"font-family: helvetica, arial, sans-serif; font-size: 120%;\">Volume<\/span><\/td>\n<td style=\"width: 50%; height: 21px;\"><span style=\"font-family: helvetica, arial, sans-serif; font-size: 120%;\">47L, 50L&#8230;<\/span><\/td>\n<\/tr>\n<\/tbody>\n<\/table>\n<p>&nbsp;<\/p>\n","protected":false},"featured_media":1023,"comment_status":"open","ping_status":"closed","template":"","meta":[],"product_cat":[41,37,35,43,40,36],"product_tag":[],"class_list":["post-1065","product","type-product","status-publish","has-post-thumbnail","hentry","product_cat-chemical-industry","product_cat-equipment","product_cat-industrial-gas","product_cat-industrial-gas-2","product_cat-medical-industry","product_cat-electronic-special-gases"],"_links":{"self":[{"href":"https:\/\/nvtechnology.vn\/en\/wp-json\/wp\/v2\/product\/1065","targetHints":{"allow":["GET"]}}],"collection":[{"href":"https:\/\/nvtechnology.vn\/en\/wp-json\/wp\/v2\/product"}],"about":[{"href":"https:\/\/nvtechnology.vn\/en\/wp-json\/wp\/v2\/types\/product"}],"replies":[{"embeddable":true,"href":"https:\/\/nvtechnology.vn\/en\/wp-json\/wp\/v2\/comments?post=1065"}],"wp:featuredmedia":[{"embeddable":true,"href":"https:\/\/nvtechnology.vn\/en\/wp-json\/wp\/v2\/media\/1023"}],"wp:attachment":[{"href":"https:\/\/nvtechnology.vn\/en\/wp-json\/wp\/v2\/media?parent=1065"}],"wp:term":[{"taxonomy":"product_cat","embeddable":true,"href":"https:\/\/nvtechnology.vn\/en\/wp-json\/wp\/v2\/product_cat?post=1065"},{"taxonomy":"product_tag","embeddable":true,"href":"https:\/\/nvtechnology.vn\/en\/wp-json\/wp\/v2\/product_tag?post=1065"}],"curies":[{"name":"wp","href":"https:\/\/api.w.org\/{rel}","templated":true}]}}